{"id":1244,"date":"2025-09-24T13:07:47","date_gmt":"2025-09-24T11:07:47","guid":{"rendered":"https:\/\/cristanini.it\/area-restringida\/"},"modified":"2026-02-18T14:04:42","modified_gmt":"2026-02-18T13:04:42","slug":"area-restringida","status":"publish","type":"page","link":"https:\/\/cristanini.it\/es\/area-restringida\/","title":{"rendered":"\u00c1rea restringida"},"content":{"rendered":"<p><div class=\"fusion-fullwidth fullwidth-box fusion-builder-row-1 fusion-flex-container has-pattern-background has-mask-background nonhundred-percent-fullwidth non-hundred-percent-height-scrolling\" style=\"--awb-border-radius-top-left:0px;--awb-border-radius-top-right:0px;--awb-border-radius-bottom-right:0px;--awb-border-radius-bottom-left:0px;--awb-flex-wrap:wrap;\" ><div class=\"fusion-builder-row fusion-row fusion-flex-align-items-flex-start fusion-flex-content-wrap\" style=\"max-width:1248px;margin-left: calc(-4% \/ 2 );margin-right: calc(-4% \/ 2 );\"><div class=\"fusion-layout-column fusion_builder_column fusion-builder-column-0 fusion_builder_column_1_3 1_3 fusion-flex-column fusion-flex-align-self-flex-start\" style=\"--awb-bg-size:cover;--awb-width-large:33.333333333333%;--awb-margin-top-large:0px;--awb-spacing-right-large:5.76%;--awb-margin-bottom-large:0px;--awb-spacing-left-large:5.76%;--awb-width-medium:33.333333333333%;--awb-order-medium:0;--awb-spacing-right-medium:5.76%;--awb-spacing-left-medium:5.76%;--awb-width-small:100%;--awb-order-small:0;--awb-spacing-right-small:1.92%;--awb-spacing-left-small:1.92%;\" data-scroll-devices=\"small-visibility,medium-visibility,large-visibility\"><div class=\"fusion-column-wrapper fusion-column-has-shadow fusion-flex-justify-content-center fusion-content-layout-column\"><div class=\"fusion-title title fusion-title-1 fusion-sep-none fusion-title-text fusion-title-size-four\"><h4 class=\"fusion-title-heading title-heading-left\" style=\"margin:0;\">Accede al \u00e1rea reservada para documentaci\u00f3n e informaci\u00f3n t\u00e9cnica<\/h4><\/div><div style=\"text-align:center;\"><a class=\"fusion-button button-flat fusion-button-default-size button-default fusion-button-default button-1 fusion-button-default-span fusion-button-default-type\" target=\"_self\" href=\"https:\/\/cristanini.sharepoint.com\/sites\/areariservata\"><span class=\"fusion-button-text awb-button__text awb-button__text--default\">Iniciar sesi\u00f3n<\/span><\/a><\/div><div class=\"fusion-separator fusion-full-width-sep\" style=\"align-self: center;margin-left: auto;margin-right: auto;margin-top:30px;margin-bottom:30px;width:100%;\"><\/div><\/div><\/div><div class=\"fusion-layout-column fusion_builder_column fusion-builder-column-1 fusion_builder_column_2_3 2_3 fusion-flex-column\" style=\"--awb-bg-size:cover;--awb-width-large:66.666666666667%;--awb-margin-top-large:0px;--awb-spacing-right-large:2.88%;--awb-margin-bottom-large:0px;--awb-spacing-left-large:2.88%;--awb-width-medium:66.666666666667%;--awb-order-medium:0;--awb-spacing-right-medium:2.88%;--awb-spacing-left-medium:2.88%;--awb-width-small:100%;--awb-order-small:0;--awb-spacing-right-small:1.92%;--awb-spacing-left-small:1.92%;\" data-scroll-devices=\"small-visibility,medium-visibility,large-visibility\"><div class=\"fusion-column-wrapper fusion-column-has-shadow fusion-flex-justify-content-center fusion-content-layout-column\"><div class=\"fusion-title title fusion-title-2 fusion-sep-none fusion-title-text fusion-title-size-three\" style=\"--awb-text-color:var(--awb-custom_color_3);\"><h3 class=\"fusion-title-heading title-heading-left\" style=\"margin:0;\">Solicitar acceso<\/h3><\/div><div class=\"fusion-form fusion-form-builder fusion-form-form-wrapper fusion-form-1262\" style=\"--awb-tooltip-text-color:#ffffff;--awb-tooltip-background-color:#333333;\" data-form-id=\"1262\" data-config=\"{&quot;form_id&quot;:1262,&quot;form_post_id&quot;:1262,&quot;post_id&quot;:1244,&quot;form_type&quot;:&quot;ajax&quot;,&quot;confirmation_type&quot;:&quot;message&quot;,&quot;redirect_url&quot;:&quot;&quot;,&quot;redirect_timeout&quot;:&quot;0&quot;,&quot;field_labels&quot;:{&quot;nome-azienda&quot;:&quot;Nombre de la empresa&quot;,&quot;nome&quot;:&quot;Nombre&quot;,&quot;cognome&quot;:&quot;Apellido&quot;,&quot;e-mail&quot;:&quot;Correo electr\\u00f3nico&quot;,&quot;telefono&quot;:&quot;Tel\\u00e9fono&quot;,&quot;indirizzo&quot;:&quot;Direcci\\u00f3n&quot;,&quot;citta&quot;:&quot;Ciudades&quot;,&quot;paese&quot;:&quot;Pa\\u00eds&quot;},&quot;field_logics&quot;:{&quot;nome-azienda&quot;:&quot;&quot;,&quot;nome&quot;:&quot;&quot;,&quot;cognome&quot;:&quot;&quot;,&quot;e-mail&quot;:&quot;&quot;,&quot;telefono&quot;:&quot;&quot;,&quot;indirizzo&quot;:&quot;&quot;,&quot;citta&quot;:&quot;&quot;,&quot;paese&quot;:&quot;&quot;,&quot;submit_1&quot;:&quot;&quot;},&quot;field_types&quot;:{&quot;nome-azienda&quot;:&quot;text&quot;,&quot;nome&quot;:&quot;text&quot;,&quot;cognome&quot;:&quot;text&quot;,&quot;e-mail&quot;:&quot;email&quot;,&quot;telefono&quot;:&quot;text&quot;,&quot;indirizzo&quot;:&quot;text&quot;,&quot;citta&quot;:&quot;text&quot;,&quot;paese&quot;:&quot;text&quot;,&quot;submit_1&quot;:&quot;submit&quot;},&quot;nonce_method&quot;:&quot;ajax&quot;,&quot;form_views&quot;:&quot;ajax&quot;,&quot;form_views_counting&quot;:&quot;all&quot;}\"><form action=\"https:\/\/cristanini.it\/es\/area-restringida\/\" method=\"post\" class=\"fusion-form fusion-form-1262\"><div class=\"fusion-fullwidth fullwidth-box fusion-builder-row-1-1 fusion-flex-container has-pattern-background has-mask-background nonhundred-percent-fullwidth non-hundred-percent-height-scrolling\" style=\"--awb-border-radius-top-left:0px;--awb-border-radius-top-right:0px;--awb-border-radius-bottom-right:0px;--awb-border-radius-bottom-left:0px;--awb-flex-wrap:wrap;\" ><div class=\"fusion-builder-row fusion-row fusion-flex-align-items-flex-start fusion-flex-content-wrap\" style=\"width:104% !important;max-width:104% !important;margin-left: calc(-4% \/ 2 );margin-right: calc(-4% \/ 2 );\"><div class=\"fusion-layout-column fusion_builder_column fusion-builder-column-2 fusion_builder_column_1_1 1_1 fusion-flex-column\" style=\"--awb-bg-size:cover;--awb-width-large:100%;--awb-flex-grow:0;--awb-flex-shrink:0;--awb-margin-top-large:0px;--awb-spacing-right-large:1.92%;--awb-margin-bottom-large:0px;--awb-spacing-left-large:1.92%;--awb-width-medium:100%;--awb-order-medium:0;--awb-flex-grow-medium:0;--awb-flex-shrink-medium:0;--awb-spacing-right-medium:1.92%;--awb-spacing-left-medium:1.92%;--awb-width-small:100%;--awb-order-small:0;--awb-flex-grow-small:0;--awb-flex-shrink-small:0;--awb-spacing-right-small:1.92%;--awb-spacing-left-small:1.92%;\"><div class=\"fusion-column-wrapper fusion-column-has-shadow fusion-flex-justify-content-flex-start fusion-content-layout-column\"><div class=\"fusion-form-field fusion-form-text-field fusion-form-label-above\" style=\"\" data-form-id=\"1262\"><div class=\"fusion-form-label-wrapper\"><label for=\"nome-azienda\">Nombre de la empresa <abbr class=\"fusion-form-element-required\" title=\"required\">*<\/abbr><\/label><\/div><input type=\"text\" autocomplete=\"off\"  data-empty-notice=\"Nome Azienda\" name=\"nome-azienda\" id=\"nome-azienda\" value=\"\"  class=\"fusion-form-input\" required=\"true\" aria-required=\"true\" data-holds-private-data=\"false\" minlength=\"0\"\/><\/div><div class=\"fusion-form-field fusion-form-text-field fusion-form-label-above\" style=\"\" data-form-id=\"1262\"><div class=\"fusion-form-label-wrapper\"><label for=\"nome\">Nombre <abbr class=\"fusion-form-element-required\" title=\"required\">*<\/abbr><\/label><\/div><input type=\"text\" autocomplete=\"off\" name=\"nome\" id=\"nome\" value=\"\"  class=\"fusion-form-input\" required=\"true\" aria-required=\"true\" data-holds-private-data=\"false\" minlength=\"0\"\/><\/div><div class=\"fusion-form-field fusion-form-text-field fusion-form-label-above\" style=\"\" data-form-id=\"1262\"><div class=\"fusion-form-label-wrapper\"><label for=\"cognome\">Apellido <abbr class=\"fusion-form-element-required\" title=\"required\">*<\/abbr><\/label><\/div><input type=\"text\" autocomplete=\"off\" name=\"cognome\" id=\"cognome\" value=\"\"  class=\"fusion-form-input\" required=\"true\" aria-required=\"true\" data-holds-private-data=\"false\" minlength=\"0\"\/><\/div><div class=\"fusion-form-field fusion-form-email-field fusion-form-label-above\" style=\"\" data-form-id=\"1262\"><div class=\"fusion-form-label-wrapper\"><label for=\"e-mail\">Correo electr\u00f3nico <abbr class=\"fusion-form-element-required\" title=\"required\">*<\/abbr><\/label><\/div><input type=\"email\" autocomplete=\"off\" name=\"e-mail\" id=\"e-mail\" value=\"\"  class=\"fusion-form-input\" required=\"true\" aria-required=\"true\" data-holds-private-data=\"false\"\/><\/div><div class=\"fusion-form-field fusion-form-text-field fusion-form-label-above\" style=\"\" data-form-id=\"1262\"><div class=\"fusion-form-label-wrapper\"><label for=\"telefono\">Tel\u00e9fono <abbr class=\"fusion-form-element-required\" title=\"required\">*<\/abbr><\/label><\/div><input type=\"text\" autocomplete=\"off\" name=\"telefono\" id=\"telefono\" value=\"\"  class=\"fusion-form-input\" required=\"true\" aria-required=\"true\" placeholder=\"Tel\u00e9fono *\" data-holds-private-data=\"false\" minlength=\"0\"\/><\/div><div class=\"fusion-form-field fusion-form-text-field fusion-form-label-above\" style=\"\" data-form-id=\"1262\"><div class=\"fusion-form-label-wrapper\"><label for=\"indirizzo\">Direcci\u00f3n <abbr class=\"fusion-form-element-required\" title=\"required\">*<\/abbr><\/label><\/div><input type=\"text\" autocomplete=\"off\" name=\"indirizzo\" id=\"indirizzo\" value=\"\"  class=\"fusion-form-input\" required=\"true\" aria-required=\"true\" placeholder=\"Direcci\u00f3n *\" data-holds-private-data=\"false\" minlength=\"0\"\/><\/div><div class=\"fusion-form-field fusion-form-text-field fusion-form-label-above\" style=\"\" data-form-id=\"1262\"><div class=\"fusion-form-label-wrapper\"><label for=\"citta\">Ciudades <abbr class=\"fusion-form-element-required\" title=\"required\">*<\/abbr><\/label><\/div><input type=\"text\" autocomplete=\"off\" name=\"citta\" id=\"citta\" value=\"\"  class=\"fusion-form-input\" required=\"true\" aria-required=\"true\" placeholder=\"Ciudades *\" data-holds-private-data=\"false\" minlength=\"0\"\/><\/div><div class=\"fusion-form-field fusion-form-text-field fusion-form-label-above\" style=\"\" data-form-id=\"1262\"><div class=\"fusion-form-label-wrapper\"><label for=\"paese\">Pa\u00eds <abbr class=\"fusion-form-element-required\" title=\"required\">*<\/abbr><\/label><\/div><input type=\"text\" autocomplete=\"off\" name=\"paese\" id=\"paese\" value=\"\"  class=\"fusion-form-input\" required=\"true\" aria-required=\"true\" placeholder=\"Naci\u00f3n *\" data-holds-private-data=\"false\" minlength=\"0\"\/><\/div><div class=\"fusion-form-field fusion-form-submit-field fusion-form-label-above\" style=\"\" data-form-id=\"1262\"><div ><button type=\"submit\" class=\"fusion-button button-flat fusion-button-default-size button-default fusion-button-default button-2 fusion-button-default-span  button-default form-form-submit\" data-form-number=\"1262\" tabindex=\"\"><span class=\"fusion-button-text awb-button__text awb-button__text--default\">Acceso requerido<\/span><\/button><\/div><\/div><\/div><\/div><\/div><\/div><input type=\"hidden\" name=\"fusion_privacy_store_ip_ua\" value=\"false\"><input type=\"hidden\" name=\"fusion_privacy_expiration_interval\" value=\"48\"><input type=\"hidden\" name=\"privacy_expiration_action\" value=\"anonymize\"><\/form><\/div><\/div><\/div><\/div><\/div><div class=\"fusion-fullwidth fullwidth-box fusion-builder-row-2 fusion-flex-container has-pattern-background has-mask-background nonhundred-percent-fullwidth non-hundred-percent-height-scrolling\" style=\"--awb-border-radius-top-left:0px;--awb-border-radius-top-right:0px;--awb-border-radius-bottom-right:0px;--awb-border-radius-bottom-left:0px;--awb-flex-wrap:wrap;\" ><div class=\"fusion-builder-row fusion-row fusion-flex-align-items-flex-start fusion-flex-content-wrap\" style=\"max-width:1248px;margin-left: calc(-4% \/ 2 );margin-right: calc(-4% \/ 2 );\"><div class=\"fusion-layout-column fusion_builder_column fusion-builder-column-3 fusion_builder_column_1_1 1_1 fusion-flex-column\" style=\"--awb-bg-size:cover;--awb-width-large:100%;--awb-flex-grow:0;--awb-flex-shrink:0;--awb-margin-top-large:0px;--awb-spacing-right-large:1.92%;--awb-margin-bottom-large:0px;--awb-spacing-left-large:1.92%;--awb-width-medium:100%;--awb-order-medium:0;--awb-flex-grow-medium:0;--awb-flex-shrink-medium:0;--awb-spacing-right-medium:1.92%;--awb-spacing-left-medium:1.92%;--awb-width-small:100%;--awb-order-small:0;--awb-flex-grow-small:0;--awb-flex-shrink-small:0;--awb-spacing-right-small:1.92%;--awb-spacing-left-small:1.92%;\"><div class=\"fusion-column-wrapper fusion-column-has-shadow fusion-flex-justify-content-flex-start fusion-content-layout-column\"><div class=\"fusion-text fusion-text-1\"><p>Para obtener informaci\u00f3n confidencial, ponte en contacto directamente con el Ing. Sandri y el Ing. Zanotto, indicando los motivos de tu solicitud.<\/p>\n<\/div><\/div><\/div><\/div><\/div><\/p>\n","protected":false},"excerpt":{"rendered":"","protected":false},"author":1,"featured_media":0,"parent":0,"menu_order":0,"comment_status":"closed","ping_status":"closed","template":"100-width.php","meta":{"footnotes":""},"class_list":["post-1244","page","type-page","status-publish","hentry"],"yoast_head":"<!-- This site is optimized with the Yoast SEO plugin v27.0 - https:\/\/yoast.com\/product\/yoast-seo-wordpress\/ -->\n<title>\u00c1rea restringida - Cristanini Spa<\/title>\n<meta name=\"robots\" content=\"index, follow, max-snippet:-1, max-image-preview:large, max-video-preview:-1\" \/>\n<link rel=\"canonical\" href=\"https:\/\/cristanini.it\/es\/area-restringida\/\" \/>\n<meta property=\"og:locale\" content=\"es_ES\" \/>\n<meta property=\"og:type\" content=\"article\" \/>\n<meta property=\"og:title\" content=\"\u00c1rea restringida - Cristanini Spa\" \/>\n<meta property=\"og:url\" content=\"https:\/\/cristanini.it\/es\/area-restringida\/\" \/>\n<meta property=\"og:site_name\" content=\"Cristanini Spa\" \/>\n<meta property=\"article:modified_time\" content=\"2026-02-18T13:04:42+00:00\" \/>\n<meta name=\"twitter:card\" content=\"summary_large_image\" \/>\n<meta name=\"twitter:label1\" content=\"Tiempo de lectura\" \/>\n\t<meta name=\"twitter:data1\" content=\"17 minutos\" \/>\n<script type=\"application\/ld+json\" class=\"yoast-schema-graph\">{\"@context\":\"https:\/\/schema.org\",\"@graph\":[{\"@type\":\"WebPage\",\"@id\":\"https:\/\/cristanini.it\/es\/area-restringida\/\",\"url\":\"https:\/\/cristanini.it\/es\/area-restringida\/\",\"name\":\"\u00c1rea restringida - Cristanini Spa\",\"isPartOf\":{\"@id\":\"https:\/\/cristanini.it\/es\/#website\"},\"datePublished\":\"2025-09-24T11:07:47+00:00\",\"dateModified\":\"2026-02-18T13:04:42+00:00\",\"breadcrumb\":{\"@id\":\"https:\/\/cristanini.it\/es\/area-restringida\/#breadcrumb\"},\"inLanguage\":\"es\",\"potentialAction\":[{\"@type\":\"ReadAction\",\"target\":[\"https:\/\/cristanini.it\/es\/area-restringida\/\"]}]},{\"@type\":\"BreadcrumbList\",\"@id\":\"https:\/\/cristanini.it\/es\/area-restringida\/#breadcrumb\",\"itemListElement\":[{\"@type\":\"ListItem\",\"position\":1,\"name\":\"Home\",\"item\":\"https:\/\/cristanini.it\/es\/inicio\/\"},{\"@type\":\"ListItem\",\"position\":2,\"name\":\"\u00c1rea restringida\"}]},{\"@type\":\"WebSite\",\"@id\":\"https:\/\/cristanini.it\/es\/#website\",\"url\":\"https:\/\/cristanini.it\/es\/\",\"name\":\"Cristanini Spa\",\"description\":\"\",\"publisher\":{\"@id\":\"https:\/\/cristanini.it\/es\/#organization\"},\"potentialAction\":[{\"@type\":\"SearchAction\",\"target\":{\"@type\":\"EntryPoint\",\"urlTemplate\":\"https:\/\/cristanini.it\/es\/?s={search_term_string}\"},\"query-input\":{\"@type\":\"PropertyValueSpecification\",\"valueRequired\":true,\"valueName\":\"search_term_string\"}}],\"inLanguage\":\"es\"},{\"@type\":\"Organization\",\"@id\":\"https:\/\/cristanini.it\/es\/#organization\",\"name\":\"Cristanini Spa\",\"url\":\"https:\/\/cristanini.it\/es\/\",\"logo\":{\"@type\":\"ImageObject\",\"inLanguage\":\"es\",\"@id\":\"https:\/\/cristanini.it\/es\/#\/schema\/logo\/image\/\",\"url\":\"https:\/\/cristanini.it\/wp-content\/uploads\/2025\/06\/cristaninispa.jpg\",\"contentUrl\":\"https:\/\/cristanini.it\/wp-content\/uploads\/2025\/06\/cristaninispa.jpg\",\"width\":359,\"height\":107,\"caption\":\"Cristanini Spa\"},\"image\":{\"@id\":\"https:\/\/cristanini.it\/es\/#\/schema\/logo\/image\/\"},\"sameAs\":[\"https:\/\/www.youtube.com\/@CRISTANINISPA\",\"https:\/\/www.linkedin.com\/company\/cristanini\/\"]}]}<\/script>\n<!-- \/ Yoast SEO plugin. -->","yoast_head_json":{"title":"\u00c1rea restringida - Cristanini Spa","robots":{"index":"index","follow":"follow","max-snippet":"max-snippet:-1","max-image-preview":"max-image-preview:large","max-video-preview":"max-video-preview:-1"},"canonical":"https:\/\/cristanini.it\/es\/area-restringida\/","og_locale":"es_ES","og_type":"article","og_title":"\u00c1rea restringida - Cristanini Spa","og_url":"https:\/\/cristanini.it\/es\/area-restringida\/","og_site_name":"Cristanini Spa","article_modified_time":"2026-02-18T13:04:42+00:00","twitter_card":"summary_large_image","twitter_misc":{"Tiempo de lectura":"17 minutos"},"schema":{"@context":"https:\/\/schema.org","@graph":[{"@type":"WebPage","@id":"https:\/\/cristanini.it\/es\/area-restringida\/","url":"https:\/\/cristanini.it\/es\/area-restringida\/","name":"\u00c1rea restringida - Cristanini Spa","isPartOf":{"@id":"https:\/\/cristanini.it\/es\/#website"},"datePublished":"2025-09-24T11:07:47+00:00","dateModified":"2026-02-18T13:04:42+00:00","breadcrumb":{"@id":"https:\/\/cristanini.it\/es\/area-restringida\/#breadcrumb"},"inLanguage":"es","potentialAction":[{"@type":"ReadAction","target":["https:\/\/cristanini.it\/es\/area-restringida\/"]}]},{"@type":"BreadcrumbList","@id":"https:\/\/cristanini.it\/es\/area-restringida\/#breadcrumb","itemListElement":[{"@type":"ListItem","position":1,"name":"Home","item":"https:\/\/cristanini.it\/es\/inicio\/"},{"@type":"ListItem","position":2,"name":"\u00c1rea restringida"}]},{"@type":"WebSite","@id":"https:\/\/cristanini.it\/es\/#website","url":"https:\/\/cristanini.it\/es\/","name":"Cristanini Spa","description":"","publisher":{"@id":"https:\/\/cristanini.it\/es\/#organization"},"potentialAction":[{"@type":"SearchAction","target":{"@type":"EntryPoint","urlTemplate":"https:\/\/cristanini.it\/es\/?s={search_term_string}"},"query-input":{"@type":"PropertyValueSpecification","valueRequired":true,"valueName":"search_term_string"}}],"inLanguage":"es"},{"@type":"Organization","@id":"https:\/\/cristanini.it\/es\/#organization","name":"Cristanini Spa","url":"https:\/\/cristanini.it\/es\/","logo":{"@type":"ImageObject","inLanguage":"es","@id":"https:\/\/cristanini.it\/es\/#\/schema\/logo\/image\/","url":"https:\/\/cristanini.it\/wp-content\/uploads\/2025\/06\/cristaninispa.jpg","contentUrl":"https:\/\/cristanini.it\/wp-content\/uploads\/2025\/06\/cristaninispa.jpg","width":359,"height":107,"caption":"Cristanini Spa"},"image":{"@id":"https:\/\/cristanini.it\/es\/#\/schema\/logo\/image\/"},"sameAs":["https:\/\/www.youtube.com\/@CRISTANINISPA","https:\/\/www.linkedin.com\/company\/cristanini\/"]}]}},"_links":{"self":[{"href":"https:\/\/cristanini.it\/es\/wp-json\/wp\/v2\/pages\/1244","targetHints":{"allow":["GET"]}}],"collection":[{"href":"https:\/\/cristanini.it\/es\/wp-json\/wp\/v2\/pages"}],"about":[{"href":"https:\/\/cristanini.it\/es\/wp-json\/wp\/v2\/types\/page"}],"author":[{"embeddable":true,"href":"https:\/\/cristanini.it\/es\/wp-json\/wp\/v2\/users\/1"}],"replies":[{"embeddable":true,"href":"https:\/\/cristanini.it\/es\/wp-json\/wp\/v2\/comments?post=1244"}],"version-history":[{"count":8,"href":"https:\/\/cristanini.it\/es\/wp-json\/wp\/v2\/pages\/1244\/revisions"}],"predecessor-version":[{"id":2016,"href":"https:\/\/cristanini.it\/es\/wp-json\/wp\/v2\/pages\/1244\/revisions\/2016"}],"wp:attachment":[{"href":"https:\/\/cristanini.it\/es\/wp-json\/wp\/v2\/media?parent=1244"}],"curies":[{"name":"wp","href":"https:\/\/api.w.org\/{rel}","templated":true}]}}