{"id":1380,"date":"2025-06-01T12:28:30","date_gmt":"2025-06-01T10:28:30","guid":{"rendered":"https:\/\/cristanini.it\/productos\/"},"modified":"2026-02-18T14:20:37","modified_gmt":"2026-02-18T13:20:37","slug":"productos","status":"publish","type":"page","link":"https:\/\/cristanini.it\/es\/productos\/","title":{"rendered":"Productos"},"content":{"rendered":"<p><div class=\"fusion-fullwidth fullwidth-box fusion-builder-row-1 fusion-flex-container has-pattern-background has-mask-background nonhundred-percent-fullwidth non-hundred-percent-height-scrolling\" style=\"--awb-border-radius-top-left:0px;--awb-border-radius-top-right:0px;--awb-border-radius-bottom-right:0px;--awb-border-radius-bottom-left:0px;--awb-padding-bottom:50px;--awb-flex-wrap:wrap;\" ><div class=\"fusion-builder-row fusion-row fusion-flex-align-items-flex-start fusion-flex-content-wrap\" style=\"max-width:1248px;margin-left: calc(-4% \/ 2 );margin-right: calc(-4% \/ 2 );\"><div class=\"fusion-layout-column fusion_builder_column fusion-builder-column-0 fusion_builder_column_1_1 1_1 fusion-flex-column\" style=\"--awb-bg-size:cover;--awb-width-large:100%;--awb-margin-top-large:0px;--awb-spacing-right-large:1.92%;--awb-margin-bottom-large:0px;--awb-spacing-left-large:1.92%;--awb-width-medium:100%;--awb-order-medium:0;--awb-spacing-right-medium:1.92%;--awb-spacing-left-medium:1.92%;--awb-width-small:100%;--awb-order-small:0;--awb-spacing-right-small:1.92%;--awb-spacing-left-small:1.92%;\"><div class=\"fusion-column-wrapper fusion-column-has-shadow fusion-flex-justify-content-flex-start fusion-content-layout-column\"><div class=\"fusion-text fusion-text-1\"><p>Cristanini ofrece soluciones innovadoras y respetuosas con el medio ambiente a problemas de los sectores militar, sanitario, civil e industrial.<\/p>\n<\/div><div class=\"fusion-text fusion-text-2\"><p>Se da prioridad a la salud y la seguridad, punto central en el desarrollo y dise\u00f1o de los productos Cristanini.<\/p>\n<\/div><div class=\"fusion-text fusion-text-3\"><p>Los sistemas QBRN ofrecen un r\u00e1pido an\u00e1lisis y descontaminaci\u00f3n en emergencias qu\u00edmicas, biol\u00f3gicas, radiol\u00f3gicas y nucleares.<\/p>\n<p>Los sistemas de extinci\u00f3n de incendios se basan en la tecnolog\u00eda de agua nebulizada, que utiliza una niebla ultrafina que aleja r\u00e1pidamente el calor del fuego mediante una r\u00e1pida evaporaci\u00f3n, al tiempo que minimiza los da\u00f1os colaterales.<\/p>\n<\/div><div class=\"fusion-text fusion-text-4\"><p>Por \u00faltimo, las soluciones medioambientales de alta presi\u00f3n tienen como objetivo sanear, descontaminar o limpiar espacios urbanos, instituciones p\u00fablicas o entornos industriales.<\/p>\n<\/div><\/div><\/div><\/div><\/div><div class=\"fusion-fullwidth fullwidth-box fusion-builder-row-2 fusion-flex-container has-pattern-background has-mask-background nonhundred-percent-fullwidth non-hundred-percent-height-scrolling\" style=\"--link_color: var(--awb-color6);--awb-border-radius-top-left:0px;--awb-border-radius-top-right:0px;--awb-border-radius-bottom-right:0px;--awb-border-radius-bottom-left:0px;--awb-background-color:var(--awb-color4);--awb-flex-wrap:wrap;\" ><div class=\"fusion-builder-row fusion-row fusion-flex-align-items-flex-start fusion-flex-content-wrap\" style=\"max-width:1248px;margin-left: calc(-4% \/ 2 );margin-right: calc(-4% \/ 2 );\"><div class=\"fusion-layout-column fusion_builder_column fusion-builder-column-1 fusion_builder_column_1_1 1_1 fusion-flex-column\" style=\"--awb-bg-size:cover;--awb-width-large:100%;--awb-margin-top-large:0px;--awb-spacing-right-large:1.92%;--awb-margin-bottom-large:0px;--awb-spacing-left-large:1.92%;--awb-width-medium:100%;--awb-order-medium:0;--awb-spacing-right-medium:1.92%;--awb-spacing-left-medium:1.92%;--awb-width-small:100%;--awb-order-small:0;--awb-spacing-right-small:1.92%;--awb-spacing-left-small:1.92%;\"><div class=\"fusion-column-wrapper fusion-column-has-shadow fusion-flex-justify-content-flex-start fusion-content-layout-column\"><div class=\"fusion-title title fusion-title-1 fusion-sep-none fusion-title-center fusion-title-text fusion-title-size-two\" style=\"--awb-text-color:var(--awb-color1);\"><h2 class=\"fusion-title-heading title-heading-center\" style=\"margin:0;\"><a href=\"https:\/\/cristanini.it\/es\/ponte-en-contacto-con\/\" class=\"awb-custom-text-color awb-custom-text-hover-color\" target=\"_self\">Contacta con nosotros<\/a><\/h2><\/div><div class=\"fusion-text fusion-text-5\" style=\"--awb-text-color:var(--awb-color1);\"><\/div><\/div><\/div><\/div><\/div><div class=\"fusion-fullwidth fullwidth-box fusion-builder-row-3 fusion-flex-container has-pattern-background has-mask-background nonhundred-percent-fullwidth non-hundred-percent-height-scrolling\" style=\"--awb-border-radius-top-left:0px;--awb-border-radius-top-right:0px;--awb-border-radius-bottom-right:0px;--awb-border-radius-bottom-left:0px;--awb-padding-top:50px;--awb-flex-wrap:wrap;\" ><div class=\"fusion-builder-row fusion-row fusion-flex-align-items-flex-start fusion-flex-content-wrap\" style=\"max-width:1248px;margin-left: calc(-4% \/ 2 );margin-right: calc(-4% \/ 2 );\"><div class=\"fusion-layout-column fusion_builder_column fusion-builder-column-2 fusion_builder_column_1_3 1_3 fusion-flex-column\" style=\"--awb-bg-size:cover;--awb-width-large:33.333333333333%;--awb-margin-top-large:0px;--awb-spacing-right-large:5.76%;--awb-margin-bottom-large:0px;--awb-spacing-left-large:5.76%;--awb-width-medium:33.333333333333%;--awb-order-medium:0;--awb-spacing-right-medium:5.76%;--awb-spacing-left-medium:5.76%;--awb-width-small:100%;--awb-order-small:0;--awb-spacing-right-small:1.92%;--awb-spacing-left-small:1.92%;\"><div class=\"fusion-column-wrapper fusion-column-has-shadow fusion-flex-justify-content-flex-start fusion-content-layout-column\"><div class=\"fusion-image-element \" style=\"--awb-caption-title-font-family:var(--h2_typography-font-family);--awb-caption-title-font-weight:var(--h2_typography-font-weight);--awb-caption-title-font-style:var(--h2_typography-font-style);--awb-caption-title-size:var(--h2_typography-font-size);--awb-caption-title-transform:var(--h2_typography-text-transform);--awb-caption-title-line-height:var(--h2_typography-line-height);--awb-caption-title-letter-spacing:var(--h2_typography-letter-spacing);\"><span class=\" fusion-imageframe imageframe-none imageframe-1 hover-type-none\"><a class=\"fusion-no-lightbox\" href=\"https:\/\/cristanini.it\/es\/descontaminacion-qbrn\/\" target=\"_self\" aria-label=\"cristanini cbrn\"><img decoding=\"async\" width=\"1500\" height=\"1500\" src=\"https:\/\/cristanini.it\/wp-content\/uploads\/2025\/09\/A_maschera-cbrn-bianca.jpg\" alt class=\"img-responsive wp-image-1377\" srcset=\"https:\/\/cristanini.it\/wp-content\/uploads\/2025\/09\/A_maschera-cbrn-bianca-200x200.jpg 200w, https:\/\/cristanini.it\/wp-content\/uploads\/2025\/09\/A_maschera-cbrn-bianca-400x400.jpg 400w, https:\/\/cristanini.it\/wp-content\/uploads\/2025\/09\/A_maschera-cbrn-bianca-600x600.jpg 600w, https:\/\/cristanini.it\/wp-content\/uploads\/2025\/09\/A_maschera-cbrn-bianca-800x800.jpg 800w, https:\/\/cristanini.it\/wp-content\/uploads\/2025\/09\/A_maschera-cbrn-bianca-1200x1200.jpg 1200w, https:\/\/cristanini.it\/wp-content\/uploads\/2025\/09\/A_maschera-cbrn-bianca.jpg 1500w\" sizes=\"(max-width: 640px) 100vw, 400px\" \/><\/a><\/span><\/div><div class=\"fusion-title title fusion-title-2 fusion-sep-none fusion-title-center fusion-title-text fusion-title-size-five\" style=\"--awb-link-color:var(--awb-custom_color_1);--awb-link-hover-color:var(--awb-custom_color_1);\"><h5 class=\"fusion-title-heading title-heading-center\" style=\"margin:0;\"><a href=\"https:\/\/cristanini.it\/es\/descontaminacion-qbrn\/\" class=\"awb-custom-text-color awb-custom-text-hover-color\" target=\"_self\">Sistema de descontaminaci\u00f3n QBRN<\/a><\/h5><\/div><div class=\"fusion-separator fusion-full-width-sep\" style=\"align-self: center;margin-left: auto;margin-right: auto;margin-top:30px;width:100%;\"><\/div><\/div><\/div><div class=\"fusion-layout-column fusion_builder_column fusion-builder-column-3 fusion_builder_column_1_3 1_3 fusion-flex-column\" style=\"--awb-bg-size:cover;--awb-width-large:33.333333333333%;--awb-margin-top-large:0px;--awb-spacing-right-large:5.76%;--awb-margin-bottom-large:0px;--awb-spacing-left-large:5.76%;--awb-width-medium:33.333333333333%;--awb-order-medium:0;--awb-spacing-right-medium:5.76%;--awb-spacing-left-medium:5.76%;--awb-width-small:100%;--awb-order-small:0;--awb-spacing-right-small:1.92%;--awb-spacing-left-small:1.92%;\"><div class=\"fusion-column-wrapper fusion-column-has-shadow fusion-flex-justify-content-flex-start fusion-content-layout-column\"><div class=\"fusion-image-element \" style=\"--awb-caption-title-font-family:var(--h2_typography-font-family);--awb-caption-title-font-weight:var(--h2_typography-font-weight);--awb-caption-title-font-style:var(--h2_typography-font-style);--awb-caption-title-size:var(--h2_typography-font-size);--awb-caption-title-transform:var(--h2_typography-text-transform);--awb-caption-title-line-height:var(--h2_typography-line-height);--awb-caption-title-letter-spacing:var(--h2_typography-letter-spacing);\"><span class=\" fusion-imageframe imageframe-none imageframe-2 hover-type-none\"><a class=\"fusion-no-lightbox\" href=\"https:\/\/cristanini.it\/es\/extincion-de-incendios\/\" target=\"_self\" aria-label=\"fuego cristanini\"><img decoding=\"async\" width=\"1500\" height=\"1500\" src=\"https:\/\/cristanini.it\/wp-content\/uploads\/2025\/09\/A_maschera-antincendio-bianca.jpg\" alt class=\"img-responsive wp-image-1378\" srcset=\"https:\/\/cristanini.it\/wp-content\/uploads\/2025\/09\/A_maschera-antincendio-bianca-200x200.jpg 200w, https:\/\/cristanini.it\/wp-content\/uploads\/2025\/09\/A_maschera-antincendio-bianca-400x400.jpg 400w, https:\/\/cristanini.it\/wp-content\/uploads\/2025\/09\/A_maschera-antincendio-bianca-600x600.jpg 600w, https:\/\/cristanini.it\/wp-content\/uploads\/2025\/09\/A_maschera-antincendio-bianca-800x800.jpg 800w, https:\/\/cristanini.it\/wp-content\/uploads\/2025\/09\/A_maschera-antincendio-bianca-1200x1200.jpg 1200w, https:\/\/cristanini.it\/wp-content\/uploads\/2025\/09\/A_maschera-antincendio-bianca.jpg 1500w\" sizes=\"(max-width: 640px) 100vw, 400px\" \/><\/a><\/span><\/div><div class=\"fusion-title title fusion-title-3 fusion-sep-none fusion-title-center fusion-title-text fusion-title-size-five\" style=\"--awb-text-color:var(--awb-color7);--awb-link-color:var(--awb-color7);--awb-link-hover-color:var(--awb-color7);\"><h5 class=\"fusion-title-heading title-heading-center\" style=\"margin:0;\"><a href=\"https:\/\/cristanini.it\/es\/extincion-de-incendios\/\" class=\"awb-custom-text-color awb-custom-text-hover-color\" target=\"_self\">Sistema de extinci\u00f3n de incendios<\/a><\/h5><\/div><div class=\"fusion-separator fusion-full-width-sep\" style=\"align-self: center;margin-left: auto;margin-right: auto;margin-top:30px;width:100%;\"><\/div><\/div><\/div><div class=\"fusion-layout-column fusion_builder_column fusion-builder-column-4 fusion_builder_column_1_3 1_3 fusion-flex-column\" style=\"--awb-bg-size:cover;--awb-width-large:33.333333333333%;--awb-margin-top-large:0px;--awb-spacing-right-large:5.76%;--awb-margin-bottom-large:0px;--awb-spacing-left-large:5.76%;--awb-width-medium:33.333333333333%;--awb-order-medium:0;--awb-spacing-right-medium:5.76%;--awb-spacing-left-medium:5.76%;--awb-width-small:100%;--awb-order-small:0;--awb-spacing-right-small:1.92%;--awb-spacing-left-small:1.92%;\"><div class=\"fusion-column-wrapper fusion-column-has-shadow fusion-flex-justify-content-flex-start fusion-content-layout-column\"><div class=\"fusion-image-element \" style=\"--awb-caption-title-font-family:var(--h2_typography-font-family);--awb-caption-title-font-weight:var(--h2_typography-font-weight);--awb-caption-title-font-style:var(--h2_typography-font-style);--awb-caption-title-size:var(--h2_typography-font-size);--awb-caption-title-transform:var(--h2_typography-text-transform);--awb-caption-title-line-height:var(--h2_typography-line-height);--awb-caption-title-letter-spacing:var(--h2_typography-letter-spacing);\"><span class=\" fusion-imageframe imageframe-none imageframe-3 hover-type-none\"><a class=\"fusion-no-lightbox\" href=\"https:\/\/cristanini.it\/es\/entorno-industrial\/\" target=\"_self\" aria-label=\"ghibli\"><img decoding=\"async\" width=\"1500\" height=\"1500\" src=\"https:\/\/cristanini.it\/wp-content\/uploads\/2025\/07\/A_maschera-ghibli-bianca.jpg\" alt class=\"img-responsive wp-image-1379\" srcset=\"https:\/\/cristanini.it\/wp-content\/uploads\/2025\/07\/A_maschera-ghibli-bianca-200x200.jpg 200w, https:\/\/cristanini.it\/wp-content\/uploads\/2025\/07\/A_maschera-ghibli-bianca-400x400.jpg 400w, https:\/\/cristanini.it\/wp-content\/uploads\/2025\/07\/A_maschera-ghibli-bianca-600x600.jpg 600w, https:\/\/cristanini.it\/wp-content\/uploads\/2025\/07\/A_maschera-ghibli-bianca-800x800.jpg 800w, https:\/\/cristanini.it\/wp-content\/uploads\/2025\/07\/A_maschera-ghibli-bianca-1200x1200.jpg 1200w, https:\/\/cristanini.it\/wp-content\/uploads\/2025\/07\/A_maschera-ghibli-bianca.jpg 1500w\" sizes=\"(max-width: 640px) 100vw, 400px\" \/><\/a><\/span><\/div><div class=\"fusion-title title fusion-title-4 fusion-sep-none fusion-title-center fusion-title-text fusion-title-size-five\" style=\"--awb-text-color:var(--awb-color5);--awb-link-color:var(--awb-color5);\"><h5 class=\"fusion-title-heading title-heading-center\" style=\"margin:0;\"><a href=\"https:\/\/cristanini.it\/es\/entorno-industrial\/\" class=\"awb-custom-text-color awb-custom-text-hover-color\" target=\"_self\">Sistema operativo medioambiental<\/a><\/h5><\/div><div class=\"fusion-separator fusion-full-width-sep\" style=\"align-self: center;margin-left: auto;margin-right: auto;margin-top:30px;width:100%;\"><\/div><\/div><\/div><\/div><\/div><div class=\"fusion-fullwidth fullwidth-box fusion-builder-row-4 fusion-flex-container has-pattern-background has-mask-background nonhundred-percent-fullwidth non-hundred-percent-height-scrolling fusion-no-small-visibility fusion-no-medium-visibility\" style=\"--awb-border-radius-top-left:0px;--awb-border-radius-top-right:0px;--awb-border-radius-bottom-right:0px;--awb-border-radius-bottom-left:0px;--awb-flex-wrap:wrap;\" ><div class=\"fusion-builder-row fusion-row fusion-flex-align-items-flex-start fusion-flex-content-wrap\" style=\"max-width:1248px;margin-left: calc(-4% \/ 2 );margin-right: calc(-4% \/ 2 );\"><div class=\"fusion-layout-column fusion_builder_column fusion-builder-column-5 fusion_builder_column_1_3 1_3 fusion-flex-column\" style=\"--awb-bg-size:cover;--awb-width-large:33.333333333333%;--awb-margin-top-large:0px;--awb-spacing-right-large:5.76%;--awb-margin-bottom-large:0px;--awb-spacing-left-large:5.76%;--awb-width-medium:33.333333333333%;--awb-order-medium:0;--awb-spacing-right-medium:5.76%;--awb-spacing-left-medium:5.76%;--awb-width-small:100%;--awb-order-small:0;--awb-spacing-right-small:1.92%;--awb-spacing-left-small:1.92%;\"><div class=\"fusion-column-wrapper fusion-column-has-shadow fusion-flex-justify-content-flex-start fusion-content-layout-column\"><div class=\"fusion-image-element \" style=\"text-align:center;--awb-caption-title-font-family:var(--h2_typography-font-family);--awb-caption-title-font-weight:var(--h2_typography-font-weight);--awb-caption-title-font-style:var(--h2_typography-font-style);--awb-caption-title-size:var(--h2_typography-font-size);--awb-caption-title-transform:var(--h2_typography-text-transform);--awb-caption-title-line-height:var(--h2_typography-line-height);--awb-caption-title-letter-spacing:var(--h2_typography-letter-spacing);\"><span class=\" fusion-imageframe imageframe-none imageframe-4 hover-type-none\"><a class=\"fusion-no-lightbox\" href=\"https:\/\/cristanini.it\/wp-content\/uploads\/cataloghi\/FD_440_PRODUCTION_CBRN.pdf\" target=\"_self\" aria-label=\"QR-FD-440\"><img decoding=\"async\" width=\"150\" height=\"150\" src=\"https:\/\/cristanini.it\/wp-content\/uploads\/2025\/11\/QR-FD-440-150x150.jpg\" alt class=\"img-responsive wp-image-1589\" srcset=\"https:\/\/cristanini.it\/wp-content\/uploads\/2025\/11\/QR-FD-440-200x200.jpg 200w, https:\/\/cristanini.it\/wp-content\/uploads\/2025\/11\/QR-FD-440.jpg 300w\" sizes=\"(max-width: 640px) 100vw, 150px\" \/><\/a><\/span><\/div><\/div><\/div><div class=\"fusion-layout-column fusion_builder_column fusion-builder-column-6 fusion_builder_column_1_3 1_3 fusion-flex-column\" style=\"--awb-bg-size:cover;--awb-width-large:33.333333333333%;--awb-margin-top-large:0px;--awb-spacing-right-large:5.76%;--awb-margin-bottom-large:0px;--awb-spacing-left-large:5.76%;--awb-width-medium:33.333333333333%;--awb-order-medium:0;--awb-spacing-right-medium:5.76%;--awb-spacing-left-medium:5.76%;--awb-width-small:100%;--awb-order-small:0;--awb-spacing-right-small:1.92%;--awb-spacing-left-small:1.92%;\"><div class=\"fusion-column-wrapper fusion-column-has-shadow fusion-flex-justify-content-flex-start fusion-content-layout-column\"><div class=\"fusion-image-element \" style=\"text-align:center;--awb-caption-title-font-family:var(--h2_typography-font-family);--awb-caption-title-font-weight:var(--h2_typography-font-weight);--awb-caption-title-font-style:var(--h2_typography-font-style);--awb-caption-title-size:var(--h2_typography-font-size);--awb-caption-title-transform:var(--h2_typography-text-transform);--awb-caption-title-line-height:var(--h2_typography-line-height);--awb-caption-title-letter-spacing:var(--h2_typography-letter-spacing);\"><span class=\" fusion-imageframe imageframe-none imageframe-5 hover-type-none\"><a class=\"fusion-no-lightbox\" href=\"https:\/\/cristanini.it\/wp-content\/uploads\/cataloghi\/FD_1103_PRODUCTION_FIRE.pdf\" target=\"_self\" aria-label=\"QR-FD-1103\"><img decoding=\"async\" width=\"150\" height=\"150\" src=\"https:\/\/cristanini.it\/wp-content\/uploads\/2025\/11\/QR-FD-1103-150x150.jpg\" alt class=\"img-responsive wp-image-1590\" srcset=\"https:\/\/cristanini.it\/wp-content\/uploads\/2025\/11\/QR-FD-1103-200x200.jpg 200w, https:\/\/cristanini.it\/wp-content\/uploads\/2025\/11\/QR-FD-1103.jpg 300w\" sizes=\"(max-width: 640px) 100vw, 150px\" \/><\/a><\/span><\/div><\/div><\/div><div class=\"fusion-layout-column fusion_builder_column fusion-builder-column-7 fusion_builder_column_1_3 1_3 fusion-flex-column\" style=\"--awb-bg-size:cover;--awb-width-large:33.333333333333%;--awb-margin-top-large:0px;--awb-spacing-right-large:5.76%;--awb-margin-bottom-large:0px;--awb-spacing-left-large:5.76%;--awb-width-medium:33.333333333333%;--awb-order-medium:0;--awb-spacing-right-medium:5.76%;--awb-spacing-left-medium:5.76%;--awb-width-small:100%;--awb-order-small:0;--awb-spacing-right-small:1.92%;--awb-spacing-left-small:1.92%;\"><div class=\"fusion-column-wrapper fusion-column-has-shadow fusion-flex-justify-content-flex-start fusion-content-layout-column\"><div class=\"fusion-image-element \" style=\"text-align:center;--awb-caption-title-font-family:var(--h2_typography-font-family);--awb-caption-title-font-weight:var(--h2_typography-font-weight);--awb-caption-title-font-style:var(--h2_typography-font-style);--awb-caption-title-size:var(--h2_typography-font-size);--awb-caption-title-transform:var(--h2_typography-text-transform);--awb-caption-title-line-height:var(--h2_typography-line-height);--awb-caption-title-letter-spacing:var(--h2_typography-letter-spacing);\"><span class=\" fusion-imageframe imageframe-none imageframe-6 hover-type-none\"><a class=\"fusion-no-lightbox\" href=\"https:\/\/cristanini.it\/wp-content\/uploads\/cataloghi\/CRISTANINI_GHIBLI.pdf\" target=\"_self\" aria-label=\"Ghibli QR\"><img decoding=\"async\" width=\"150\" height=\"150\" src=\"https:\/\/cristanini.it\/wp-content\/uploads\/2026\/02\/Ghibli-QR-150x150.png\" alt class=\"img-responsive wp-image-2034\" srcset=\"https:\/\/cristanini.it\/wp-content\/uploads\/2026\/02\/Ghibli-QR-200x200.png 200w, https:\/\/cristanini.it\/wp-content\/uploads\/2026\/02\/Ghibli-QR-400x400.png 400w, https:\/\/cristanini.it\/wp-content\/uploads\/2026\/02\/Ghibli-QR.png 500w\" sizes=\"(max-width: 640px) 100vw, 400px\" \/><\/a><\/span><\/div><\/div><\/div><\/div><\/div><\/p>\n","protected":false},"excerpt":{"rendered":"","protected":false},"author":1,"featured_media":0,"parent":0,"menu_order":0,"comment_status":"closed","ping_status":"closed","template":"100-width.php","meta":{"footnotes":""},"class_list":["post-1380","page","type-page","status-publish","hentry"],"yoast_head":"<!-- This site is optimized with the Yoast SEO plugin v27.0 - https:\/\/yoast.com\/product\/yoast-seo-wordpress\/ -->\n<title>Productos - Cristanini Spa<\/title>\n<meta name=\"robots\" content=\"index, follow, max-snippet:-1, max-image-preview:large, max-video-preview:-1\" \/>\n<link rel=\"canonical\" href=\"https:\/\/cristanini.it\/es\/productos\/\" \/>\n<meta property=\"og:locale\" content=\"es_ES\" \/>\n<meta property=\"og:type\" content=\"article\" \/>\n<meta property=\"og:title\" content=\"Productos - Cristanini Spa\" \/>\n<meta property=\"og:url\" content=\"https:\/\/cristanini.it\/es\/productos\/\" \/>\n<meta property=\"og:site_name\" content=\"Cristanini Spa\" \/>\n<meta property=\"article:modified_time\" content=\"2026-02-18T13:20:37+00:00\" \/>\n<meta name=\"twitter:card\" content=\"summary_large_image\" \/>\n<meta name=\"twitter:label1\" content=\"Tiempo de lectura\" \/>\n\t<meta name=\"twitter:data1\" content=\"48 minutos\" \/>\n<script type=\"application\/ld+json\" class=\"yoast-schema-graph\">{\"@context\":\"https:\/\/schema.org\",\"@graph\":[{\"@type\":\"WebPage\",\"@id\":\"https:\/\/cristanini.it\/es\/productos\/\",\"url\":\"https:\/\/cristanini.it\/es\/productos\/\",\"name\":\"Productos - Cristanini Spa\",\"isPartOf\":{\"@id\":\"https:\/\/cristanini.it\/es\/#website\"},\"datePublished\":\"2025-06-01T10:28:30+00:00\",\"dateModified\":\"2026-02-18T13:20:37+00:00\",\"breadcrumb\":{\"@id\":\"https:\/\/cristanini.it\/es\/productos\/#breadcrumb\"},\"inLanguage\":\"es\",\"potentialAction\":[{\"@type\":\"ReadAction\",\"target\":[\"https:\/\/cristanini.it\/es\/productos\/\"]}]},{\"@type\":\"BreadcrumbList\",\"@id\":\"https:\/\/cristanini.it\/es\/productos\/#breadcrumb\",\"itemListElement\":[{\"@type\":\"ListItem\",\"position\":1,\"name\":\"Home\",\"item\":\"https:\/\/cristanini.it\/es\/inicio\/\"},{\"@type\":\"ListItem\",\"position\":2,\"name\":\"Productos\"}]},{\"@type\":\"WebSite\",\"@id\":\"https:\/\/cristanini.it\/es\/#website\",\"url\":\"https:\/\/cristanini.it\/es\/\",\"name\":\"Cristanini Spa\",\"description\":\"\",\"publisher\":{\"@id\":\"https:\/\/cristanini.it\/es\/#organization\"},\"potentialAction\":[{\"@type\":\"SearchAction\",\"target\":{\"@type\":\"EntryPoint\",\"urlTemplate\":\"https:\/\/cristanini.it\/es\/?s={search_term_string}\"},\"query-input\":{\"@type\":\"PropertyValueSpecification\",\"valueRequired\":true,\"valueName\":\"search_term_string\"}}],\"inLanguage\":\"es\"},{\"@type\":\"Organization\",\"@id\":\"https:\/\/cristanini.it\/es\/#organization\",\"name\":\"Cristanini Spa\",\"url\":\"https:\/\/cristanini.it\/es\/\",\"logo\":{\"@type\":\"ImageObject\",\"inLanguage\":\"es\",\"@id\":\"https:\/\/cristanini.it\/es\/#\/schema\/logo\/image\/\",\"url\":\"https:\/\/cristanini.it\/wp-content\/uploads\/2025\/06\/cristaninispa.jpg\",\"contentUrl\":\"https:\/\/cristanini.it\/wp-content\/uploads\/2025\/06\/cristaninispa.jpg\",\"width\":359,\"height\":107,\"caption\":\"Cristanini Spa\"},\"image\":{\"@id\":\"https:\/\/cristanini.it\/es\/#\/schema\/logo\/image\/\"},\"sameAs\":[\"https:\/\/www.youtube.com\/@CRISTANINISPA\",\"https:\/\/www.linkedin.com\/company\/cristanini\/\"]}]}<\/script>\n<!-- \/ Yoast SEO plugin. -->","yoast_head_json":{"title":"Productos - Cristanini Spa","robots":{"index":"index","follow":"follow","max-snippet":"max-snippet:-1","max-image-preview":"max-image-preview:large","max-video-preview":"max-video-preview:-1"},"canonical":"https:\/\/cristanini.it\/es\/productos\/","og_locale":"es_ES","og_type":"article","og_title":"Productos - Cristanini Spa","og_url":"https:\/\/cristanini.it\/es\/productos\/","og_site_name":"Cristanini Spa","article_modified_time":"2026-02-18T13:20:37+00:00","twitter_card":"summary_large_image","twitter_misc":{"Tiempo de lectura":"48 minutos"},"schema":{"@context":"https:\/\/schema.org","@graph":[{"@type":"WebPage","@id":"https:\/\/cristanini.it\/es\/productos\/","url":"https:\/\/cristanini.it\/es\/productos\/","name":"Productos - Cristanini Spa","isPartOf":{"@id":"https:\/\/cristanini.it\/es\/#website"},"datePublished":"2025-06-01T10:28:30+00:00","dateModified":"2026-02-18T13:20:37+00:00","breadcrumb":{"@id":"https:\/\/cristanini.it\/es\/productos\/#breadcrumb"},"inLanguage":"es","potentialAction":[{"@type":"ReadAction","target":["https:\/\/cristanini.it\/es\/productos\/"]}]},{"@type":"BreadcrumbList","@id":"https:\/\/cristanini.it\/es\/productos\/#breadcrumb","itemListElement":[{"@type":"ListItem","position":1,"name":"Home","item":"https:\/\/cristanini.it\/es\/inicio\/"},{"@type":"ListItem","position":2,"name":"Productos"}]},{"@type":"WebSite","@id":"https:\/\/cristanini.it\/es\/#website","url":"https:\/\/cristanini.it\/es\/","name":"Cristanini Spa","description":"","publisher":{"@id":"https:\/\/cristanini.it\/es\/#organization"},"potentialAction":[{"@type":"SearchAction","target":{"@type":"EntryPoint","urlTemplate":"https:\/\/cristanini.it\/es\/?s={search_term_string}"},"query-input":{"@type":"PropertyValueSpecification","valueRequired":true,"valueName":"search_term_string"}}],"inLanguage":"es"},{"@type":"Organization","@id":"https:\/\/cristanini.it\/es\/#organization","name":"Cristanini Spa","url":"https:\/\/cristanini.it\/es\/","logo":{"@type":"ImageObject","inLanguage":"es","@id":"https:\/\/cristanini.it\/es\/#\/schema\/logo\/image\/","url":"https:\/\/cristanini.it\/wp-content\/uploads\/2025\/06\/cristaninispa.jpg","contentUrl":"https:\/\/cristanini.it\/wp-content\/uploads\/2025\/06\/cristaninispa.jpg","width":359,"height":107,"caption":"Cristanini Spa"},"image":{"@id":"https:\/\/cristanini.it\/es\/#\/schema\/logo\/image\/"},"sameAs":["https:\/\/www.youtube.com\/@CRISTANINISPA","https:\/\/www.linkedin.com\/company\/cristanini\/"]}]}},"_links":{"self":[{"href":"https:\/\/cristanini.it\/es\/wp-json\/wp\/v2\/pages\/1380","targetHints":{"allow":["GET"]}}],"collection":[{"href":"https:\/\/cristanini.it\/es\/wp-json\/wp\/v2\/pages"}],"about":[{"href":"https:\/\/cristanini.it\/es\/wp-json\/wp\/v2\/types\/page"}],"author":[{"embeddable":true,"href":"https:\/\/cristanini.it\/es\/wp-json\/wp\/v2\/users\/1"}],"replies":[{"embeddable":true,"href":"https:\/\/cristanini.it\/es\/wp-json\/wp\/v2\/comments?post=1380"}],"version-history":[{"count":15,"href":"https:\/\/cristanini.it\/es\/wp-json\/wp\/v2\/pages\/1380\/revisions"}],"predecessor-version":[{"id":2037,"href":"https:\/\/cristanini.it\/es\/wp-json\/wp\/v2\/pages\/1380\/revisions\/2037"}],"wp:attachment":[{"href":"https:\/\/cristanini.it\/es\/wp-json\/wp\/v2\/media?parent=1380"}],"curies":[{"name":"wp","href":"https:\/\/api.w.org\/{rel}","templated":true}]}}