{"id":1040,"date":"2025-09-24T13:07:47","date_gmt":"2025-09-24T11:07:47","guid":{"rendered":"https:\/\/cristanini.it\/zone-restreinte\/"},"modified":"2026-02-18T14:01:53","modified_gmt":"2026-02-18T13:01:53","slug":"zone-restreinte","status":"publish","type":"page","link":"https:\/\/cristanini.it\/fr\/zone-restreinte\/","title":{"rendered":"Zone restreinte"},"content":{"rendered":"<p><div class=\"fusion-fullwidth fullwidth-box fusion-builder-row-1 fusion-flex-container has-pattern-background has-mask-background nonhundred-percent-fullwidth non-hundred-percent-height-scrolling\" style=\"--awb-border-radius-top-left:0px;--awb-border-radius-top-right:0px;--awb-border-radius-bottom-right:0px;--awb-border-radius-bottom-left:0px;--awb-flex-wrap:wrap;\" ><div class=\"fusion-builder-row fusion-row fusion-flex-align-items-flex-start fusion-flex-content-wrap\" style=\"max-width:1248px;margin-left: calc(-4% \/ 2 );margin-right: calc(-4% \/ 2 );\"><div class=\"fusion-layout-column fusion_builder_column fusion-builder-column-0 fusion_builder_column_1_3 1_3 fusion-flex-column fusion-flex-align-self-flex-start\" style=\"--awb-bg-size:cover;--awb-width-large:33.333333333333%;--awb-margin-top-large:0px;--awb-spacing-right-large:5.76%;--awb-margin-bottom-large:0px;--awb-spacing-left-large:5.76%;--awb-width-medium:33.333333333333%;--awb-order-medium:0;--awb-spacing-right-medium:5.76%;--awb-spacing-left-medium:5.76%;--awb-width-small:100%;--awb-order-small:0;--awb-spacing-right-small:1.92%;--awb-spacing-left-small:1.92%;\" data-scroll-devices=\"small-visibility,medium-visibility,large-visibility\"><div class=\"fusion-column-wrapper fusion-column-has-shadow fusion-flex-justify-content-center fusion-content-layout-column\"><div class=\"fusion-title title fusion-title-1 fusion-sep-none fusion-title-text fusion-title-size-four\"><h4 class=\"fusion-title-heading title-heading-left\" style=\"margin:0;\">Acc\u00e9der \u00e0 la zone r\u00e9serv\u00e9e \u00e0 la documentation et aux informations techniques<\/h4><\/div><div style=\"text-align:center;\"><a class=\"fusion-button button-flat fusion-button-default-size button-default fusion-button-default button-1 fusion-button-default-span fusion-button-default-type\" target=\"_self\" href=\"https:\/\/cristanini.sharepoint.com\/sites\/areariservata\"><span class=\"fusion-button-text awb-button__text awb-button__text--default\">Connexion<\/span><\/a><\/div><div class=\"fusion-separator fusion-full-width-sep\" style=\"align-self: center;margin-left: auto;margin-right: auto;margin-top:30px;margin-bottom:30px;width:100%;\"><\/div><\/div><\/div><div class=\"fusion-layout-column fusion_builder_column fusion-builder-column-1 fusion_builder_column_2_3 2_3 fusion-flex-column\" style=\"--awb-bg-size:cover;--awb-width-large:66.666666666667%;--awb-margin-top-large:0px;--awb-spacing-right-large:2.88%;--awb-margin-bottom-large:0px;--awb-spacing-left-large:2.88%;--awb-width-medium:66.666666666667%;--awb-order-medium:0;--awb-spacing-right-medium:2.88%;--awb-spacing-left-medium:2.88%;--awb-width-small:100%;--awb-order-small:0;--awb-spacing-right-small:1.92%;--awb-spacing-left-small:1.92%;\" data-scroll-devices=\"small-visibility,medium-visibility,large-visibility\"><div class=\"fusion-column-wrapper fusion-column-has-shadow fusion-flex-justify-content-center fusion-content-layout-column\"><div class=\"fusion-title title fusion-title-2 fusion-sep-none fusion-title-text fusion-title-size-three\" style=\"--awb-text-color:var(--awb-custom_color_3);\"><h3 class=\"fusion-title-heading title-heading-left\" style=\"margin:0;\">Demande d&rsquo;acc\u00e8s<\/h3><\/div><div class=\"fusion-form fusion-form-builder fusion-form-form-wrapper fusion-form-1189\" style=\"--awb-tooltip-text-color:#ffffff;--awb-tooltip-background-color:#333333;\" data-form-id=\"1189\" data-config=\"{&quot;form_id&quot;:1189,&quot;form_post_id&quot;:1189,&quot;post_id&quot;:1040,&quot;form_type&quot;:&quot;ajax&quot;,&quot;confirmation_type&quot;:&quot;message&quot;,&quot;redirect_url&quot;:&quot;&quot;,&quot;redirect_timeout&quot;:&quot;0&quot;,&quot;field_labels&quot;:{&quot;nome-azienda&quot;:&quot;Nom de l&#039;entreprise&quot;,&quot;nome&quot;:&quot;Nom&quot;,&quot;cognome&quot;:&quot;Nom de famille&quot;,&quot;e-mail&quot;:&quot;Courrier \\u00e9lectronique&quot;,&quot;telefono&quot;:&quot;T\\u00e9l\\u00e9phone&quot;,&quot;indirizzo&quot;:&quot;Adresse&quot;,&quot;citta&quot;:&quot;Villes&quot;,&quot;paese&quot;:&quot;Pays&quot;},&quot;field_logics&quot;:{&quot;nome-azienda&quot;:&quot;&quot;,&quot;nome&quot;:&quot;&quot;,&quot;cognome&quot;:&quot;&quot;,&quot;e-mail&quot;:&quot;&quot;,&quot;telefono&quot;:&quot;&quot;,&quot;indirizzo&quot;:&quot;&quot;,&quot;citta&quot;:&quot;&quot;,&quot;paese&quot;:&quot;&quot;,&quot;submit_1&quot;:&quot;&quot;},&quot;field_types&quot;:{&quot;nome-azienda&quot;:&quot;text&quot;,&quot;nome&quot;:&quot;text&quot;,&quot;cognome&quot;:&quot;text&quot;,&quot;e-mail&quot;:&quot;email&quot;,&quot;telefono&quot;:&quot;text&quot;,&quot;indirizzo&quot;:&quot;text&quot;,&quot;citta&quot;:&quot;text&quot;,&quot;paese&quot;:&quot;text&quot;,&quot;submit_1&quot;:&quot;submit&quot;},&quot;nonce_method&quot;:&quot;ajax&quot;,&quot;form_views&quot;:&quot;ajax&quot;,&quot;form_views_counting&quot;:&quot;all&quot;}\"><form action=\"https:\/\/cristanini.it\/fr\/zone-restreinte\/\" method=\"post\" class=\"fusion-form fusion-form-1189\"><div class=\"fusion-fullwidth fullwidth-box fusion-builder-row-1-1 fusion-flex-container has-pattern-background has-mask-background nonhundred-percent-fullwidth non-hundred-percent-height-scrolling\" style=\"--awb-border-radius-top-left:0px;--awb-border-radius-top-right:0px;--awb-border-radius-bottom-right:0px;--awb-border-radius-bottom-left:0px;--awb-flex-wrap:wrap;\" ><div class=\"fusion-builder-row fusion-row fusion-flex-align-items-flex-start fusion-flex-content-wrap\" style=\"width:104% !important;max-width:104% !important;margin-left: calc(-4% \/ 2 );margin-right: calc(-4% \/ 2 );\"><div class=\"fusion-layout-column fusion_builder_column fusion-builder-column-2 fusion_builder_column_1_1 1_1 fusion-flex-column\" style=\"--awb-bg-size:cover;--awb-width-large:100%;--awb-flex-grow:0;--awb-flex-shrink:0;--awb-margin-top-large:0px;--awb-spacing-right-large:1.92%;--awb-margin-bottom-large:0px;--awb-spacing-left-large:1.92%;--awb-width-medium:100%;--awb-order-medium:0;--awb-flex-grow-medium:0;--awb-flex-shrink-medium:0;--awb-spacing-right-medium:1.92%;--awb-spacing-left-medium:1.92%;--awb-width-small:100%;--awb-order-small:0;--awb-flex-grow-small:0;--awb-flex-shrink-small:0;--awb-spacing-right-small:1.92%;--awb-spacing-left-small:1.92%;\"><div class=\"fusion-column-wrapper fusion-column-has-shadow fusion-flex-justify-content-flex-start fusion-content-layout-column\"><div class=\"fusion-form-field fusion-form-text-field fusion-form-label-above\" style=\"\" data-form-id=\"1189\"><div class=\"fusion-form-label-wrapper\"><label for=\"nome-azienda\">Nom de l&#039;entreprise <abbr class=\"fusion-form-element-required\" title=\"required\">*<\/abbr><\/label><\/div><input type=\"text\" autocomplete=\"off\"  data-empty-notice=\"Nome Azienda\" name=\"nome-azienda\" id=\"nome-azienda\" value=\"\"  class=\"fusion-form-input\" required=\"true\" aria-required=\"true\" data-holds-private-data=\"false\" minlength=\"0\"\/><\/div><div class=\"fusion-form-field fusion-form-text-field fusion-form-label-above\" style=\"\" data-form-id=\"1189\"><div class=\"fusion-form-label-wrapper\"><label for=\"nome\">Nom <abbr class=\"fusion-form-element-required\" title=\"required\">*<\/abbr><\/label><\/div><input type=\"text\" autocomplete=\"off\" name=\"nome\" id=\"nome\" value=\"\"  class=\"fusion-form-input\" required=\"true\" aria-required=\"true\" data-holds-private-data=\"false\" minlength=\"0\"\/><\/div><div class=\"fusion-form-field fusion-form-text-field fusion-form-label-above\" style=\"\" data-form-id=\"1189\"><div class=\"fusion-form-label-wrapper\"><label for=\"cognome\">Nom de famille <abbr class=\"fusion-form-element-required\" title=\"required\">*<\/abbr><\/label><\/div><input type=\"text\" autocomplete=\"off\" name=\"cognome\" id=\"cognome\" value=\"\"  class=\"fusion-form-input\" required=\"true\" aria-required=\"true\" data-holds-private-data=\"false\" minlength=\"0\"\/><\/div><div class=\"fusion-form-field fusion-form-email-field fusion-form-label-above\" style=\"\" data-form-id=\"1189\"><div class=\"fusion-form-label-wrapper\"><label for=\"e-mail\">Courrier \u00e9lectronique <abbr class=\"fusion-form-element-required\" title=\"required\">*<\/abbr><\/label><\/div><input type=\"email\" autocomplete=\"off\" name=\"e-mail\" id=\"e-mail\" value=\"\"  class=\"fusion-form-input\" required=\"true\" aria-required=\"true\" data-holds-private-data=\"false\"\/><\/div><div class=\"fusion-form-field fusion-form-text-field fusion-form-label-above\" style=\"\" data-form-id=\"1189\"><div class=\"fusion-form-label-wrapper\"><label for=\"telefono\">T\u00e9l\u00e9phone <abbr class=\"fusion-form-element-required\" title=\"required\">*<\/abbr><\/label><\/div><input type=\"text\" autocomplete=\"off\" name=\"telefono\" id=\"telefono\" value=\"\"  class=\"fusion-form-input\" required=\"true\" aria-required=\"true\" placeholder=\"T\u00e9l\u00e9phone *\" data-holds-private-data=\"false\" minlength=\"0\"\/><\/div><div class=\"fusion-form-field fusion-form-text-field fusion-form-label-above\" style=\"\" data-form-id=\"1189\"><div class=\"fusion-form-label-wrapper\"><label for=\"indirizzo\">Adresse <abbr class=\"fusion-form-element-required\" title=\"required\">*<\/abbr><\/label><\/div><input type=\"text\" autocomplete=\"off\" name=\"indirizzo\" id=\"indirizzo\" value=\"\"  class=\"fusion-form-input\" required=\"true\" aria-required=\"true\" placeholder=\"Adresse *\" data-holds-private-data=\"false\" minlength=\"0\"\/><\/div><div class=\"fusion-form-field fusion-form-text-field fusion-form-label-above\" style=\"\" data-form-id=\"1189\"><div class=\"fusion-form-label-wrapper\"><label for=\"citta\">Villes <abbr class=\"fusion-form-element-required\" title=\"required\">*<\/abbr><\/label><\/div><input type=\"text\" autocomplete=\"off\" name=\"citta\" id=\"citta\" value=\"\"  class=\"fusion-form-input\" required=\"true\" aria-required=\"true\" placeholder=\"Villes *\" data-holds-private-data=\"false\" minlength=\"0\"\/><\/div><div class=\"fusion-form-field fusion-form-text-field fusion-form-label-above\" style=\"\" data-form-id=\"1189\"><div class=\"fusion-form-label-wrapper\"><label for=\"paese\">Pays <abbr class=\"fusion-form-element-required\" title=\"required\">*<\/abbr><\/label><\/div><input type=\"text\" autocomplete=\"off\" name=\"paese\" id=\"paese\" value=\"\"  class=\"fusion-form-input\" required=\"true\" aria-required=\"true\" placeholder=\"Nation *\" data-holds-private-data=\"false\" minlength=\"0\"\/><\/div><div class=\"fusion-form-field fusion-form-submit-field fusion-form-label-above\" style=\"\" data-form-id=\"1189\"><div ><button type=\"submit\" class=\"fusion-button button-flat fusion-button-default-size button-default fusion-button-default button-2 fusion-button-default-span  button-default form-form-submit\" data-form-number=\"1189\" tabindex=\"\"><span class=\"fusion-button-text awb-button__text awb-button__text--default\">Acc\u00e8s obligatoire<\/span><\/button><\/div><\/div><\/div><\/div><\/div><\/div><input type=\"hidden\" name=\"fusion_privacy_store_ip_ua\" value=\"false\"><input type=\"hidden\" name=\"fusion_privacy_expiration_interval\" value=\"48\"><input type=\"hidden\" name=\"privacy_expiration_action\" value=\"anonymize\"><\/form><\/div><\/div><\/div><\/div><\/div><div class=\"fusion-fullwidth fullwidth-box fusion-builder-row-2 fusion-flex-container has-pattern-background has-mask-background nonhundred-percent-fullwidth non-hundred-percent-height-scrolling\" style=\"--awb-border-radius-top-left:0px;--awb-border-radius-top-right:0px;--awb-border-radius-bottom-right:0px;--awb-border-radius-bottom-left:0px;--awb-flex-wrap:wrap;\" ><div class=\"fusion-builder-row fusion-row fusion-flex-align-items-flex-start fusion-flex-content-wrap\" style=\"max-width:1248px;margin-left: calc(-4% \/ 2 );margin-right: calc(-4% \/ 2 );\"><div class=\"fusion-layout-column fusion_builder_column fusion-builder-column-3 fusion_builder_column_1_1 1_1 fusion-flex-column\" style=\"--awb-bg-size:cover;--awb-width-large:100%;--awb-flex-grow:0;--awb-flex-shrink:0;--awb-margin-top-large:0px;--awb-spacing-right-large:1.92%;--awb-margin-bottom-large:0px;--awb-spacing-left-large:1.92%;--awb-width-medium:100%;--awb-order-medium:0;--awb-flex-grow-medium:0;--awb-flex-shrink-medium:0;--awb-spacing-right-medium:1.92%;--awb-spacing-left-medium:1.92%;--awb-width-small:100%;--awb-order-small:0;--awb-flex-grow-small:0;--awb-flex-shrink-small:0;--awb-spacing-right-small:1.92%;--awb-spacing-left-small:1.92%;\"><div class=\"fusion-column-wrapper fusion-column-has-shadow fusion-flex-justify-content-flex-start fusion-content-layout-column\"><div class=\"fusion-text fusion-text-1\"><p>Pour obtenir des informations confidentielles, veuillez contacter directement l&rsquo;ing\u00e9nieur Sandri et l&rsquo;ing\u00e9nieur Zanotto, en pr\u00e9cisant les raisons de votre demande.<\/p>\n<\/div><\/div><\/div><\/div><\/div><\/p>\n","protected":false},"excerpt":{"rendered":"","protected":false},"author":1,"featured_media":0,"parent":0,"menu_order":0,"comment_status":"closed","ping_status":"closed","template":"100-width.php","meta":{"footnotes":""},"class_list":["post-1040","page","type-page","status-publish","hentry"],"yoast_head":"<!-- This site is optimized with the Yoast SEO plugin v27.0 - https:\/\/yoast.com\/product\/yoast-seo-wordpress\/ -->\n<title>Zone restreinte - Cristanini Spa<\/title>\n<meta name=\"robots\" content=\"index, follow, max-snippet:-1, max-image-preview:large, max-video-preview:-1\" \/>\n<link rel=\"canonical\" href=\"https:\/\/cristanini.it\/fr\/zone-restreinte\/\" \/>\n<meta property=\"og:locale\" content=\"fr_FR\" \/>\n<meta property=\"og:type\" content=\"article\" \/>\n<meta property=\"og:title\" content=\"Zone restreinte - Cristanini Spa\" \/>\n<meta property=\"og:url\" content=\"https:\/\/cristanini.it\/fr\/zone-restreinte\/\" \/>\n<meta property=\"og:site_name\" content=\"Cristanini Spa\" \/>\n<meta property=\"article:modified_time\" content=\"2026-02-18T13:01:53+00:00\" \/>\n<meta name=\"twitter:card\" content=\"summary_large_image\" \/>\n<meta name=\"twitter:label1\" content=\"Dur\u00e9e de lecture estim\u00e9e\" \/>\n\t<meta name=\"twitter:data1\" content=\"17 minutes\" \/>\n<script type=\"application\/ld+json\" class=\"yoast-schema-graph\">{\"@context\":\"https:\/\/schema.org\",\"@graph\":[{\"@type\":\"WebPage\",\"@id\":\"https:\/\/cristanini.it\/fr\/zone-restreinte\/\",\"url\":\"https:\/\/cristanini.it\/fr\/zone-restreinte\/\",\"name\":\"Zone restreinte - Cristanini Spa\",\"isPartOf\":{\"@id\":\"https:\/\/cristanini.it\/fr\/#website\"},\"datePublished\":\"2025-09-24T11:07:47+00:00\",\"dateModified\":\"2026-02-18T13:01:53+00:00\",\"breadcrumb\":{\"@id\":\"https:\/\/cristanini.it\/fr\/zone-restreinte\/#breadcrumb\"},\"inLanguage\":\"fr-FR\",\"potentialAction\":[{\"@type\":\"ReadAction\",\"target\":[\"https:\/\/cristanini.it\/fr\/zone-restreinte\/\"]}]},{\"@type\":\"BreadcrumbList\",\"@id\":\"https:\/\/cristanini.it\/fr\/zone-restreinte\/#breadcrumb\",\"itemListElement\":[{\"@type\":\"ListItem\",\"position\":1,\"name\":\"Home\",\"item\":\"https:\/\/cristanini.it\/fr\/accueil\/\"},{\"@type\":\"ListItem\",\"position\":2,\"name\":\"Zone restreinte\"}]},{\"@type\":\"WebSite\",\"@id\":\"https:\/\/cristanini.it\/fr\/#website\",\"url\":\"https:\/\/cristanini.it\/fr\/\",\"name\":\"Cristanini Spa\",\"description\":\"\",\"publisher\":{\"@id\":\"https:\/\/cristanini.it\/fr\/#organization\"},\"potentialAction\":[{\"@type\":\"SearchAction\",\"target\":{\"@type\":\"EntryPoint\",\"urlTemplate\":\"https:\/\/cristanini.it\/fr\/?s={search_term_string}\"},\"query-input\":{\"@type\":\"PropertyValueSpecification\",\"valueRequired\":true,\"valueName\":\"search_term_string\"}}],\"inLanguage\":\"fr-FR\"},{\"@type\":\"Organization\",\"@id\":\"https:\/\/cristanini.it\/fr\/#organization\",\"name\":\"Cristanini Spa\",\"url\":\"https:\/\/cristanini.it\/fr\/\",\"logo\":{\"@type\":\"ImageObject\",\"inLanguage\":\"fr-FR\",\"@id\":\"https:\/\/cristanini.it\/fr\/#\/schema\/logo\/image\/\",\"url\":\"https:\/\/cristanini.it\/wp-content\/uploads\/2025\/06\/cristaninispa.jpg\",\"contentUrl\":\"https:\/\/cristanini.it\/wp-content\/uploads\/2025\/06\/cristaninispa.jpg\",\"width\":359,\"height\":107,\"caption\":\"Cristanini Spa\"},\"image\":{\"@id\":\"https:\/\/cristanini.it\/fr\/#\/schema\/logo\/image\/\"},\"sameAs\":[\"https:\/\/www.youtube.com\/@CRISTANINISPA\",\"https:\/\/www.linkedin.com\/company\/cristanini\/\"]}]}<\/script>\n<!-- \/ Yoast SEO plugin. -->","yoast_head_json":{"title":"Zone restreinte - Cristanini Spa","robots":{"index":"index","follow":"follow","max-snippet":"max-snippet:-1","max-image-preview":"max-image-preview:large","max-video-preview":"max-video-preview:-1"},"canonical":"https:\/\/cristanini.it\/fr\/zone-restreinte\/","og_locale":"fr_FR","og_type":"article","og_title":"Zone restreinte - Cristanini Spa","og_url":"https:\/\/cristanini.it\/fr\/zone-restreinte\/","og_site_name":"Cristanini Spa","article_modified_time":"2026-02-18T13:01:53+00:00","twitter_card":"summary_large_image","twitter_misc":{"Dur\u00e9e de lecture estim\u00e9e":"17 minutes"},"schema":{"@context":"https:\/\/schema.org","@graph":[{"@type":"WebPage","@id":"https:\/\/cristanini.it\/fr\/zone-restreinte\/","url":"https:\/\/cristanini.it\/fr\/zone-restreinte\/","name":"Zone restreinte - Cristanini Spa","isPartOf":{"@id":"https:\/\/cristanini.it\/fr\/#website"},"datePublished":"2025-09-24T11:07:47+00:00","dateModified":"2026-02-18T13:01:53+00:00","breadcrumb":{"@id":"https:\/\/cristanini.it\/fr\/zone-restreinte\/#breadcrumb"},"inLanguage":"fr-FR","potentialAction":[{"@type":"ReadAction","target":["https:\/\/cristanini.it\/fr\/zone-restreinte\/"]}]},{"@type":"BreadcrumbList","@id":"https:\/\/cristanini.it\/fr\/zone-restreinte\/#breadcrumb","itemListElement":[{"@type":"ListItem","position":1,"name":"Home","item":"https:\/\/cristanini.it\/fr\/accueil\/"},{"@type":"ListItem","position":2,"name":"Zone restreinte"}]},{"@type":"WebSite","@id":"https:\/\/cristanini.it\/fr\/#website","url":"https:\/\/cristanini.it\/fr\/","name":"Cristanini Spa","description":"","publisher":{"@id":"https:\/\/cristanini.it\/fr\/#organization"},"potentialAction":[{"@type":"SearchAction","target":{"@type":"EntryPoint","urlTemplate":"https:\/\/cristanini.it\/fr\/?s={search_term_string}"},"query-input":{"@type":"PropertyValueSpecification","valueRequired":true,"valueName":"search_term_string"}}],"inLanguage":"fr-FR"},{"@type":"Organization","@id":"https:\/\/cristanini.it\/fr\/#organization","name":"Cristanini Spa","url":"https:\/\/cristanini.it\/fr\/","logo":{"@type":"ImageObject","inLanguage":"fr-FR","@id":"https:\/\/cristanini.it\/fr\/#\/schema\/logo\/image\/","url":"https:\/\/cristanini.it\/wp-content\/uploads\/2025\/06\/cristaninispa.jpg","contentUrl":"https:\/\/cristanini.it\/wp-content\/uploads\/2025\/06\/cristaninispa.jpg","width":359,"height":107,"caption":"Cristanini Spa"},"image":{"@id":"https:\/\/cristanini.it\/fr\/#\/schema\/logo\/image\/"},"sameAs":["https:\/\/www.youtube.com\/@CRISTANINISPA","https:\/\/www.linkedin.com\/company\/cristanini\/"]}]}},"_links":{"self":[{"href":"https:\/\/cristanini.it\/fr\/wp-json\/wp\/v2\/pages\/1040","targetHints":{"allow":["GET"]}}],"collection":[{"href":"https:\/\/cristanini.it\/fr\/wp-json\/wp\/v2\/pages"}],"about":[{"href":"https:\/\/cristanini.it\/fr\/wp-json\/wp\/v2\/types\/page"}],"author":[{"embeddable":true,"href":"https:\/\/cristanini.it\/fr\/wp-json\/wp\/v2\/users\/1"}],"replies":[{"embeddable":true,"href":"https:\/\/cristanini.it\/fr\/wp-json\/wp\/v2\/comments?post=1040"}],"version-history":[{"count":11,"href":"https:\/\/cristanini.it\/fr\/wp-json\/wp\/v2\/pages\/1040\/revisions"}],"predecessor-version":[{"id":2009,"href":"https:\/\/cristanini.it\/fr\/wp-json\/wp\/v2\/pages\/1040\/revisions\/2009"}],"wp:attachment":[{"href":"https:\/\/cristanini.it\/fr\/wp-json\/wp\/v2\/media?parent=1040"}],"curies":[{"name":"wp","href":"https:\/\/api.w.org\/{rel}","templated":true}]}}